{"id":27,"date":"2016-08-20T12:16:06","date_gmt":"2016-08-20T12:16:06","guid":{"rendered":"http:\/\/easymazin.com\/?page_id=27"},"modified":"2017-10-23T15:10:28","modified_gmt":"2017-10-23T15:10:28","slug":"impressum","status":"publish","type":"page","link":"https:\/\/easymazin.com\/de\/impressum","title":{"rendered":"Impressum"},"content":{"rendered":"<div id=\"cs-content\" class=\"cs-content\"><\/div>\n","protected":false},"excerpt":{"rendered":"<p>ImpressumUnternehmen easyMazin Ideensammler und LeiterMathias F\u00fcrl Adresse 1Ernst-Th\u00e4lmann-Stra\u00dfe 30, 16341 Panketal Adresse 2Herzbergstra\u00dfe 74-76, 10365 Berlin Telefon 030\/ 55 15 33 47 E-Mailmail@easymazin.com Umsatzsteuer-Identifikationsnummer065\/221\/00143 Webdesign The Art of Spring Marketing Webdesign\/Social Media\/SEO<\/p>\n","protected":false},"author":1,"featured_media":0,"parent":0,"menu_order":0,"comment_status":"closed","ping_status":"closed","template":"template-blank-4.php","meta":{"footnotes":""},"class_list":["post-27","page","type-page","status-publish","hentry","no-post-thumbnail"],"yoast_head":"<!-- This site is optimized with the Yoast SEO plugin v24.7 - https:\/\/yoast.com\/wordpress\/plugins\/seo\/ -->\n<title>Impressum - Seilzugangs- und Positionierungstechnik<\/title>\n<meta name=\"description\" content=\"Impressum\" \/>\n<meta name=\"robots\" content=\"index, follow, max-snippet:-1, max-image-preview:large, max-video-preview:-1\" \/>\n<link rel=\"canonical\" href=\"https:\/\/easymazin.com\/de\/impressum\" \/>\n<meta property=\"og:locale\" content=\"de_DE\" \/>\n<meta property=\"og:type\" content=\"article\" \/>\n<meta property=\"og:title\" content=\"Impressum - Seilzugangs- und Positionierungstechnik\" \/>\n<meta property=\"og:description\" content=\"Impressum\" \/>\n<meta property=\"og:url\" content=\"https:\/\/easymazin.com\/de\/impressum\" \/>\n<meta property=\"og:site_name\" content=\"Seilzugangs- und Positionierungstechnik\" \/>\n<meta property=\"article:modified_time\" content=\"2017-10-23T15:10:28+00:00\" \/>\n<meta name=\"twitter:card\" content=\"summary_large_image\" \/>\n<meta name=\"twitter:label1\" content=\"Gesch\u00e4tzte Lesezeit\" \/>\n\t<meta name=\"twitter:data1\" content=\"2\u00a0Minuten\" \/>\n<script type=\"application\/ld+json\" class=\"yoast-schema-graph\">{\"@context\":\"https:\/\/schema.org\",\"@graph\":[{\"@type\":\"WebPage\",\"@id\":\"https:\/\/easymazin.com\/de\/impressum\",\"url\":\"https:\/\/easymazin.com\/de\/impressum\",\"name\":\"Impressum - Seilzugangs- und Positionierungstechnik\",\"isPartOf\":{\"@id\":\"https:\/\/easymazin.com\/de\/#website\"},\"datePublished\":\"2016-08-20T12:16:06+00:00\",\"dateModified\":\"2017-10-23T15:10:28+00:00\",\"description\":\"Impressum\",\"breadcrumb\":{\"@id\":\"https:\/\/easymazin.com\/de\/impressum#breadcrumb\"},\"inLanguage\":\"de\",\"potentialAction\":[{\"@type\":\"ReadAction\",\"target\":[\"https:\/\/easymazin.com\/de\/impressum\"]}]},{\"@type\":\"BreadcrumbList\",\"@id\":\"https:\/\/easymazin.com\/de\/impressum#breadcrumb\",\"itemListElement\":[{\"@type\":\"ListItem\",\"position\":1,\"name\":\"Startseite\",\"item\":\"https:\/\/easymazin.com\/de\"},{\"@type\":\"ListItem\",\"position\":2,\"name\":\"Impressum\"}]},{\"@type\":\"WebSite\",\"@id\":\"https:\/\/easymazin.com\/de\/#website\",\"url\":\"https:\/\/easymazin.com\/de\/\",\"name\":\"Seilzugangs- und Positionierungstechnik\",\"description\":\"Auch bekannt als Seil-unterst\u00fctzes Arbeiten, Zugangskonzepte, Industrieklettern, Seilklettertechnik, H\u00f6henarbeiten und Seiltechnik\",\"potentialAction\":[{\"@type\":\"SearchAction\",\"target\":{\"@type\":\"EntryPoint\",\"urlTemplate\":\"https:\/\/easymazin.com\/de\/?s={search_term_string}\"},\"query-input\":{\"@type\":\"PropertyValueSpecification\",\"valueRequired\":true,\"valueName\":\"search_term_string\"}}],\"inLanguage\":\"de\"}]}<\/script>\n<!-- \/ Yoast SEO plugin. -->","yoast_head_json":{"title":"Impressum - Seilzugangs- und Positionierungstechnik","description":"Impressum","robots":{"index":"index","follow":"follow","max-snippet":"max-snippet:-1","max-image-preview":"max-image-preview:large","max-video-preview":"max-video-preview:-1"},"canonical":"https:\/\/easymazin.com\/de\/impressum","og_locale":"de_DE","og_type":"article","og_title":"Impressum - Seilzugangs- und Positionierungstechnik","og_description":"Impressum","og_url":"https:\/\/easymazin.com\/de\/impressum","og_site_name":"Seilzugangs- und Positionierungstechnik","article_modified_time":"2017-10-23T15:10:28+00:00","twitter_card":"summary_large_image","twitter_misc":{"Gesch\u00e4tzte Lesezeit":"2\u00a0Minuten"},"schema":{"@context":"https:\/\/schema.org","@graph":[{"@type":"WebPage","@id":"https:\/\/easymazin.com\/de\/impressum","url":"https:\/\/easymazin.com\/de\/impressum","name":"Impressum - Seilzugangs- und Positionierungstechnik","isPartOf":{"@id":"https:\/\/easymazin.com\/de\/#website"},"datePublished":"2016-08-20T12:16:06+00:00","dateModified":"2017-10-23T15:10:28+00:00","description":"Impressum","breadcrumb":{"@id":"https:\/\/easymazin.com\/de\/impressum#breadcrumb"},"inLanguage":"de","potentialAction":[{"@type":"ReadAction","target":["https:\/\/easymazin.com\/de\/impressum"]}]},{"@type":"BreadcrumbList","@id":"https:\/\/easymazin.com\/de\/impressum#breadcrumb","itemListElement":[{"@type":"ListItem","position":1,"name":"Startseite","item":"https:\/\/easymazin.com\/de"},{"@type":"ListItem","position":2,"name":"Impressum"}]},{"@type":"WebSite","@id":"https:\/\/easymazin.com\/de\/#website","url":"https:\/\/easymazin.com\/de\/","name":"Seilzugangs- und Positionierungstechnik","description":"Auch bekannt als Seil-unterst\u00fctzes Arbeiten, Zugangskonzepte, Industrieklettern, Seilklettertechnik, H\u00f6henarbeiten und Seiltechnik","potentialAction":[{"@type":"SearchAction","target":{"@type":"EntryPoint","urlTemplate":"https:\/\/easymazin.com\/de\/?s={search_term_string}"},"query-input":{"@type":"PropertyValueSpecification","valueRequired":true,"valueName":"search_term_string"}}],"inLanguage":"de"}]}},"_links":{"self":[{"href":"https:\/\/easymazin.com\/de\/wp-json\/wp\/v2\/pages\/27","targetHints":{"allow":["GET"]}}],"collection":[{"href":"https:\/\/easymazin.com\/de\/wp-json\/wp\/v2\/pages"}],"about":[{"href":"https:\/\/easymazin.com\/de\/wp-json\/wp\/v2\/types\/page"}],"author":[{"embeddable":true,"href":"https:\/\/easymazin.com\/de\/wp-json\/wp\/v2\/users\/1"}],"replies":[{"embeddable":true,"href":"https:\/\/easymazin.com\/de\/wp-json\/wp\/v2\/comments?post=27"}],"version-history":[{"count":9,"href":"https:\/\/easymazin.com\/de\/wp-json\/wp\/v2\/pages\/27\/revisions"}],"predecessor-version":[{"id":375,"href":"https:\/\/easymazin.com\/de\/wp-json\/wp\/v2\/pages\/27\/revisions\/375"}],"wp:attachment":[{"href":"https:\/\/easymazin.com\/de\/wp-json\/wp\/v2\/media?parent=27"}],"curies":[{"name":"wp","href":"https:\/\/api.w.org\/{rel}","templated":true}]}}