{"id":36,"date":"2016-08-20T12:30:13","date_gmt":"2016-08-20T12:30:13","guid":{"rendered":"http:\/\/easymazin.com\/?page_id=36"},"modified":"2017-10-23T15:26:25","modified_gmt":"2017-10-23T15:26:25","slug":"agbs","status":"publish","type":"page","link":"https:\/\/easymazin.com\/de\/agbs","title":{"rendered":"AGB&#8217;s"},"content":{"rendered":"<div id=\"cs-content\" class=\"cs-content\"><\/div>\n","protected":false},"excerpt":{"rendered":"<p>Allgemeine Gesch\u00e4ftsbedingungenHaftungshinweiseeasyMazin \u00fcbernimmt keine Verantwortung f\u00fcr die Richtigkeit, L\u00f6schung, Fehl\u00fcbertragung oder st\u00e4ndige Verf\u00fcgbarkeit der Inhalte und der Dienstleistungen. Trotz sorgf\u00e4ltiger inhaltlicher Kontrolle \u00fcbernehmen wir keine Haftung f\u00fcr die Inhalte externer Links. F\u00fcr den Inhalt der verlinkten Seiten sind ausschlie\u00dflich deren Betreiber verantwortlich.<\/p>\n","protected":false},"author":1,"featured_media":0,"parent":0,"menu_order":0,"comment_status":"closed","ping_status":"closed","template":"template-blank-4.php","meta":{"footnotes":""},"class_list":["post-36","page","type-page","status-publish","hentry","no-post-thumbnail"],"yoast_head":"<!-- This site is optimized with the Yoast SEO plugin v24.7 - https:\/\/yoast.com\/wordpress\/plugins\/seo\/ -->\n<title>AGB&#039;s - Seilzugangs- und Positionierungstechnik<\/title>\n<meta name=\"robots\" content=\"index, follow, max-snippet:-1, max-image-preview:large, max-video-preview:-1\" \/>\n<link rel=\"canonical\" href=\"https:\/\/easymazin.com\/de\/agbs\" \/>\n<meta property=\"og:locale\" content=\"de_DE\" \/>\n<meta property=\"og:type\" content=\"article\" \/>\n<meta property=\"og:title\" content=\"AGB&#039;s - Seilzugangs- und Positionierungstechnik\" \/>\n<meta property=\"og:description\" content=\"Allgemeine Gesch\u00e4ftsbedingungenHaftungshinweiseeasyMazin \u00fcbernimmt keine Verantwortung f\u00fcr die Richtigkeit, L\u00f6schung, Fehl\u00fcbertragung oder st\u00e4ndige Verf\u00fcgbarkeit der Inhalte und der Dienstleistungen. Trotz sorgf\u00e4ltiger inhaltlicher Kontrolle \u00fcbernehmen wir keine Haftung f\u00fcr die Inhalte externer Links. F\u00fcr den Inhalt der verlinkten Seiten sind ausschlie\u00dflich deren Betreiber verantwortlich.\" \/>\n<meta property=\"og:url\" content=\"https:\/\/easymazin.com\/de\/agbs\" \/>\n<meta property=\"og:site_name\" content=\"Seilzugangs- und Positionierungstechnik\" \/>\n<meta property=\"article:modified_time\" content=\"2017-10-23T15:26:25+00:00\" \/>\n<meta name=\"twitter:card\" content=\"summary_large_image\" \/>\n<meta name=\"twitter:label1\" content=\"Gesch\u00e4tzte Lesezeit\" \/>\n\t<meta name=\"twitter:data1\" content=\"1\u00a0Minute\" \/>\n<script type=\"application\/ld+json\" class=\"yoast-schema-graph\">{\"@context\":\"https:\/\/schema.org\",\"@graph\":[{\"@type\":\"WebPage\",\"@id\":\"https:\/\/easymazin.com\/de\/agbs\",\"url\":\"https:\/\/easymazin.com\/de\/agbs\",\"name\":\"AGB's - Seilzugangs- und Positionierungstechnik\",\"isPartOf\":{\"@id\":\"https:\/\/easymazin.com\/de\/#website\"},\"datePublished\":\"2016-08-20T12:30:13+00:00\",\"dateModified\":\"2017-10-23T15:26:25+00:00\",\"breadcrumb\":{\"@id\":\"https:\/\/easymazin.com\/de\/agbs#breadcrumb\"},\"inLanguage\":\"de\",\"potentialAction\":[{\"@type\":\"ReadAction\",\"target\":[\"https:\/\/easymazin.com\/de\/agbs\"]}]},{\"@type\":\"BreadcrumbList\",\"@id\":\"https:\/\/easymazin.com\/de\/agbs#breadcrumb\",\"itemListElement\":[{\"@type\":\"ListItem\",\"position\":1,\"name\":\"Startseite\",\"item\":\"https:\/\/easymazin.com\/de\"},{\"@type\":\"ListItem\",\"position\":2,\"name\":\"AGB&#8217;s\"}]},{\"@type\":\"WebSite\",\"@id\":\"https:\/\/easymazin.com\/de\/#website\",\"url\":\"https:\/\/easymazin.com\/de\/\",\"name\":\"Seilzugangs- und Positionierungstechnik\",\"description\":\"Auch bekannt als Seil-unterst\u00fctzes Arbeiten, Zugangskonzepte, Industrieklettern, Seilklettertechnik, H\u00f6henarbeiten und Seiltechnik\",\"potentialAction\":[{\"@type\":\"SearchAction\",\"target\":{\"@type\":\"EntryPoint\",\"urlTemplate\":\"https:\/\/easymazin.com\/de\/?s={search_term_string}\"},\"query-input\":{\"@type\":\"PropertyValueSpecification\",\"valueRequired\":true,\"valueName\":\"search_term_string\"}}],\"inLanguage\":\"de\"}]}<\/script>\n<!-- \/ Yoast SEO plugin. -->","yoast_head_json":{"title":"AGB's - Seilzugangs- und Positionierungstechnik","robots":{"index":"index","follow":"follow","max-snippet":"max-snippet:-1","max-image-preview":"max-image-preview:large","max-video-preview":"max-video-preview:-1"},"canonical":"https:\/\/easymazin.com\/de\/agbs","og_locale":"de_DE","og_type":"article","og_title":"AGB's - Seilzugangs- und Positionierungstechnik","og_description":"Allgemeine Gesch\u00e4ftsbedingungenHaftungshinweiseeasyMazin \u00fcbernimmt keine Verantwortung f\u00fcr die Richtigkeit, L\u00f6schung, Fehl\u00fcbertragung oder st\u00e4ndige Verf\u00fcgbarkeit der Inhalte und der Dienstleistungen. Trotz sorgf\u00e4ltiger inhaltlicher Kontrolle \u00fcbernehmen wir keine Haftung f\u00fcr die Inhalte externer Links. F\u00fcr den Inhalt der verlinkten Seiten sind ausschlie\u00dflich deren Betreiber verantwortlich.","og_url":"https:\/\/easymazin.com\/de\/agbs","og_site_name":"Seilzugangs- und Positionierungstechnik","article_modified_time":"2017-10-23T15:26:25+00:00","twitter_card":"summary_large_image","twitter_misc":{"Gesch\u00e4tzte Lesezeit":"1\u00a0Minute"},"schema":{"@context":"https:\/\/schema.org","@graph":[{"@type":"WebPage","@id":"https:\/\/easymazin.com\/de\/agbs","url":"https:\/\/easymazin.com\/de\/agbs","name":"AGB's - Seilzugangs- und Positionierungstechnik","isPartOf":{"@id":"https:\/\/easymazin.com\/de\/#website"},"datePublished":"2016-08-20T12:30:13+00:00","dateModified":"2017-10-23T15:26:25+00:00","breadcrumb":{"@id":"https:\/\/easymazin.com\/de\/agbs#breadcrumb"},"inLanguage":"de","potentialAction":[{"@type":"ReadAction","target":["https:\/\/easymazin.com\/de\/agbs"]}]},{"@type":"BreadcrumbList","@id":"https:\/\/easymazin.com\/de\/agbs#breadcrumb","itemListElement":[{"@type":"ListItem","position":1,"name":"Startseite","item":"https:\/\/easymazin.com\/de"},{"@type":"ListItem","position":2,"name":"AGB&#8217;s"}]},{"@type":"WebSite","@id":"https:\/\/easymazin.com\/de\/#website","url":"https:\/\/easymazin.com\/de\/","name":"Seilzugangs- und Positionierungstechnik","description":"Auch bekannt als Seil-unterst\u00fctzes Arbeiten, Zugangskonzepte, Industrieklettern, Seilklettertechnik, H\u00f6henarbeiten und Seiltechnik","potentialAction":[{"@type":"SearchAction","target":{"@type":"EntryPoint","urlTemplate":"https:\/\/easymazin.com\/de\/?s={search_term_string}"},"query-input":{"@type":"PropertyValueSpecification","valueRequired":true,"valueName":"search_term_string"}}],"inLanguage":"de"}]}},"_links":{"self":[{"href":"https:\/\/easymazin.com\/de\/wp-json\/wp\/v2\/pages\/36","targetHints":{"allow":["GET"]}}],"collection":[{"href":"https:\/\/easymazin.com\/de\/wp-json\/wp\/v2\/pages"}],"about":[{"href":"https:\/\/easymazin.com\/de\/wp-json\/wp\/v2\/types\/page"}],"author":[{"embeddable":true,"href":"https:\/\/easymazin.com\/de\/wp-json\/wp\/v2\/users\/1"}],"replies":[{"embeddable":true,"href":"https:\/\/easymazin.com\/de\/wp-json\/wp\/v2\/comments?post=36"}],"version-history":[{"count":4,"href":"https:\/\/easymazin.com\/de\/wp-json\/wp\/v2\/pages\/36\/revisions"}],"predecessor-version":[{"id":377,"href":"https:\/\/easymazin.com\/de\/wp-json\/wp\/v2\/pages\/36\/revisions\/377"}],"wp:attachment":[{"href":"https:\/\/easymazin.com\/de\/wp-json\/wp\/v2\/media?parent=36"}],"curies":[{"name":"wp","href":"https:\/\/api.w.org\/{rel}","templated":true}]}}