{"id":404,"date":"2022-11-08T17:00:32","date_gmt":"2022-11-08T17:00:32","guid":{"rendered":"http:\/\/easymazin.com\/?page_id=404"},"modified":"2022-11-08T18:44:21","modified_gmt":"2022-11-08T18:44:21","slug":"datenschutzerklaerung","status":"publish","type":"page","link":"https:\/\/easymazin.com\/de\/datenschutzerklaerung","title":{"rendered":"Datenschutzerkl\u00e4rung"},"content":{"rendered":"<div id=\"cs-content\" class=\"cs-content\"><\/div>\n","protected":false},"excerpt":{"rendered":"<p>Datenschutz&shy;erkl\u00e4rung1. Datenschutz auf einen Blick Allgemeine Hinweise Die folgenden Hinweise geben einen einfachen \u00dcberblick dar\u00fcber, was mit Ihren personenbezogenen Daten passiert, wenn Sie diese Website besuchen. Personenbezogene Daten sind alle Daten, mit denen Sie pers\u00f6nlich identifiziert werden k\u00f6nnen. Ausf\u00fchrliche Informationen zum Thema Datenschutz entnehmen Sie unserer unter diesem Text aufgef\u00fchrten Datenschutzerkl\u00e4rung. Datenerfassung auf dieser Website Wer ist verantwortlich f\u00fcr die &#8230; <\/p>\n<div><a href=\"https:\/\/easymazin.com\/de\/datenschutzerklaerung\" class=\"more-link\">Read More<\/a><\/div>\n","protected":false},"author":1,"featured_media":0,"parent":0,"menu_order":0,"comment_status":"closed","ping_status":"closed","template":"template-blank-4.php","meta":{"footnotes":""},"class_list":["post-404","page","type-page","status-publish","hentry","no-post-thumbnail"],"yoast_head":"<!-- This site is optimized with the Yoast SEO plugin v24.7 - https:\/\/yoast.com\/wordpress\/plugins\/seo\/ -->\n<title>Datenschutzerkl\u00e4rung - Seilzugangs- und Positionierungstechnik<\/title>\n<meta name=\"description\" content=\"Datenschutzerkl\u00e4rung\" \/>\n<meta name=\"robots\" content=\"index, follow, max-snippet:-1, max-image-preview:large, max-video-preview:-1\" \/>\n<link rel=\"canonical\" href=\"https:\/\/easymazin.com\/de\/datenschutzerklaerung\" \/>\n<meta property=\"og:locale\" content=\"de_DE\" \/>\n<meta property=\"og:type\" content=\"article\" \/>\n<meta property=\"og:title\" content=\"Datenschutzerkl\u00e4rung - Seilzugangs- und Positionierungstechnik\" \/>\n<meta property=\"og:description\" content=\"Datenschutzerkl\u00e4rung\" \/>\n<meta property=\"og:url\" content=\"https:\/\/easymazin.com\/de\/datenschutzerklaerung\" \/>\n<meta property=\"og:site_name\" content=\"Seilzugangs- und Positionierungstechnik\" \/>\n<meta property=\"article:modified_time\" content=\"2022-11-08T18:44:21+00:00\" \/>\n<meta name=\"twitter:card\" content=\"summary_large_image\" \/>\n<meta name=\"twitter:label1\" content=\"Gesch\u00e4tzte Lesezeit\" \/>\n\t<meta name=\"twitter:data1\" content=\"17\u00a0Minuten\" \/>\n<script type=\"application\/ld+json\" class=\"yoast-schema-graph\">{\"@context\":\"https:\/\/schema.org\",\"@graph\":[{\"@type\":\"WebPage\",\"@id\":\"https:\/\/easymazin.com\/de\/datenschutzerklaerung\",\"url\":\"https:\/\/easymazin.com\/de\/datenschutzerklaerung\",\"name\":\"Datenschutzerkl\u00e4rung - Seilzugangs- und Positionierungstechnik\",\"isPartOf\":{\"@id\":\"https:\/\/easymazin.com\/de\/#website\"},\"datePublished\":\"2022-11-08T17:00:32+00:00\",\"dateModified\":\"2022-11-08T18:44:21+00:00\",\"description\":\"Datenschutzerkl\u00e4rung\",\"breadcrumb\":{\"@id\":\"https:\/\/easymazin.com\/de\/datenschutzerklaerung#breadcrumb\"},\"inLanguage\":\"de\",\"potentialAction\":[{\"@type\":\"ReadAction\",\"target\":[\"https:\/\/easymazin.com\/de\/datenschutzerklaerung\"]}]},{\"@type\":\"BreadcrumbList\",\"@id\":\"https:\/\/easymazin.com\/de\/datenschutzerklaerung#breadcrumb\",\"itemListElement\":[{\"@type\":\"ListItem\",\"position\":1,\"name\":\"Startseite\",\"item\":\"https:\/\/easymazin.com\/de\"},{\"@type\":\"ListItem\",\"position\":2,\"name\":\"Datenschutzerkl\u00e4rung\"}]},{\"@type\":\"WebSite\",\"@id\":\"https:\/\/easymazin.com\/de\/#website\",\"url\":\"https:\/\/easymazin.com\/de\/\",\"name\":\"Seilzugangs- und Positionierungstechnik\",\"description\":\"Auch bekannt als Seil-unterst\u00fctzes Arbeiten, Zugangskonzepte, Industrieklettern, Seilklettertechnik, H\u00f6henarbeiten und Seiltechnik\",\"potentialAction\":[{\"@type\":\"SearchAction\",\"target\":{\"@type\":\"EntryPoint\",\"urlTemplate\":\"https:\/\/easymazin.com\/de\/?s={search_term_string}\"},\"query-input\":{\"@type\":\"PropertyValueSpecification\",\"valueRequired\":true,\"valueName\":\"search_term_string\"}}],\"inLanguage\":\"de\"}]}<\/script>\n<!-- \/ Yoast SEO plugin. -->","yoast_head_json":{"title":"Datenschutzerkl\u00e4rung - Seilzugangs- und Positionierungstechnik","description":"Datenschutzerkl\u00e4rung","robots":{"index":"index","follow":"follow","max-snippet":"max-snippet:-1","max-image-preview":"max-image-preview:large","max-video-preview":"max-video-preview:-1"},"canonical":"https:\/\/easymazin.com\/de\/datenschutzerklaerung","og_locale":"de_DE","og_type":"article","og_title":"Datenschutzerkl\u00e4rung - Seilzugangs- und Positionierungstechnik","og_description":"Datenschutzerkl\u00e4rung","og_url":"https:\/\/easymazin.com\/de\/datenschutzerklaerung","og_site_name":"Seilzugangs- und Positionierungstechnik","article_modified_time":"2022-11-08T18:44:21+00:00","twitter_card":"summary_large_image","twitter_misc":{"Gesch\u00e4tzte Lesezeit":"17\u00a0Minuten"},"schema":{"@context":"https:\/\/schema.org","@graph":[{"@type":"WebPage","@id":"https:\/\/easymazin.com\/de\/datenschutzerklaerung","url":"https:\/\/easymazin.com\/de\/datenschutzerklaerung","name":"Datenschutzerkl\u00e4rung - Seilzugangs- und Positionierungstechnik","isPartOf":{"@id":"https:\/\/easymazin.com\/de\/#website"},"datePublished":"2022-11-08T17:00:32+00:00","dateModified":"2022-11-08T18:44:21+00:00","description":"Datenschutzerkl\u00e4rung","breadcrumb":{"@id":"https:\/\/easymazin.com\/de\/datenschutzerklaerung#breadcrumb"},"inLanguage":"de","potentialAction":[{"@type":"ReadAction","target":["https:\/\/easymazin.com\/de\/datenschutzerklaerung"]}]},{"@type":"BreadcrumbList","@id":"https:\/\/easymazin.com\/de\/datenschutzerklaerung#breadcrumb","itemListElement":[{"@type":"ListItem","position":1,"name":"Startseite","item":"https:\/\/easymazin.com\/de"},{"@type":"ListItem","position":2,"name":"Datenschutzerkl\u00e4rung"}]},{"@type":"WebSite","@id":"https:\/\/easymazin.com\/de\/#website","url":"https:\/\/easymazin.com\/de\/","name":"Seilzugangs- und Positionierungstechnik","description":"Auch bekannt als Seil-unterst\u00fctzes Arbeiten, Zugangskonzepte, Industrieklettern, Seilklettertechnik, H\u00f6henarbeiten und Seiltechnik","potentialAction":[{"@type":"SearchAction","target":{"@type":"EntryPoint","urlTemplate":"https:\/\/easymazin.com\/de\/?s={search_term_string}"},"query-input":{"@type":"PropertyValueSpecification","valueRequired":true,"valueName":"search_term_string"}}],"inLanguage":"de"}]}},"_links":{"self":[{"href":"https:\/\/easymazin.com\/de\/wp-json\/wp\/v2\/pages\/404","targetHints":{"allow":["GET"]}}],"collection":[{"href":"https:\/\/easymazin.com\/de\/wp-json\/wp\/v2\/pages"}],"about":[{"href":"https:\/\/easymazin.com\/de\/wp-json\/wp\/v2\/types\/page"}],"author":[{"embeddable":true,"href":"https:\/\/easymazin.com\/de\/wp-json\/wp\/v2\/users\/1"}],"replies":[{"embeddable":true,"href":"https:\/\/easymazin.com\/de\/wp-json\/wp\/v2\/comments?post=404"}],"version-history":[{"count":10,"href":"https:\/\/easymazin.com\/de\/wp-json\/wp\/v2\/pages\/404\/revisions"}],"predecessor-version":[{"id":423,"href":"https:\/\/easymazin.com\/de\/wp-json\/wp\/v2\/pages\/404\/revisions\/423"}],"wp:attachment":[{"href":"https:\/\/easymazin.com\/de\/wp-json\/wp\/v2\/media?parent=404"}],"curies":[{"name":"wp","href":"https:\/\/api.w.org\/{rel}","templated":true}]}}