{"id":426,"date":"2016-08-20T12:16:06","date_gmt":"2016-08-20T12:16:06","guid":{"rendered":"http:\/\/easymazin.com\/impressum"},"modified":"2022-11-08T18:48:11","modified_gmt":"2022-11-08T18:48:11","slug":"imprint","status":"publish","type":"page","link":"https:\/\/easymazin.com\/en\/imprint","title":{"rendered":"Imprint"},"content":{"rendered":"<div id=\"cs-content\" class=\"cs-content\"><\/div>\n","protected":false},"excerpt":{"rendered":"<p>ImpressumUnternehmen easyMazin Ideensammler und LeiterMathias F\u00fcrl Adresse 1Ernst-Th\u00e4lmann-Stra\u00dfe 30, 16341 Panketal Adresse 2Herzbergstra\u00dfe 74-76, 10365 Berlin Telefon 030\/ 55 15 33 47 E-Mailmail@easymazin.com Umsatzsteuer-Identifikationsnummer065\/221\/00143 Webdesign The Art of Spring Marketing Webdesign\/Social Media\/SEO<\/p>\n","protected":false},"author":1,"featured_media":0,"parent":0,"menu_order":0,"comment_status":"closed","ping_status":"closed","template":"template-blank-4.php","meta":{"footnotes":""},"class_list":["post-426","page","type-page","status-publish","hentry","no-post-thumbnail"],"yoast_head":"<!-- This site is optimized with the Yoast SEO plugin v24.7 - https:\/\/yoast.com\/wordpress\/plugins\/seo\/ -->\n<title>Imprint - Seilzugangs- und Positionierungstechnik<\/title>\n<meta name=\"description\" content=\"Impressum\" \/>\n<meta name=\"robots\" content=\"index, follow, max-snippet:-1, max-image-preview:large, max-video-preview:-1\" \/>\n<link rel=\"canonical\" href=\"https:\/\/easymazin.com\/en\/imprint\" \/>\n<meta property=\"og:locale\" content=\"en_US\" \/>\n<meta property=\"og:type\" content=\"article\" \/>\n<meta property=\"og:title\" content=\"Imprint - Seilzugangs- und Positionierungstechnik\" \/>\n<meta property=\"og:description\" content=\"Impressum\" \/>\n<meta property=\"og:url\" content=\"https:\/\/easymazin.com\/en\/imprint\" \/>\n<meta property=\"og:site_name\" content=\"Seilzugangs- und Positionierungstechnik\" \/>\n<meta property=\"article:modified_time\" content=\"2022-11-08T18:48:11+00:00\" \/>\n<meta name=\"twitter:card\" content=\"summary_large_image\" \/>\n<meta name=\"twitter:label1\" content=\"Est. reading time\" \/>\n\t<meta name=\"twitter:data1\" content=\"2 minutes\" \/>\n<script type=\"application\/ld+json\" class=\"yoast-schema-graph\">{\"@context\":\"https:\/\/schema.org\",\"@graph\":[{\"@type\":\"WebPage\",\"@id\":\"https:\/\/easymazin.com\/en\/imprint\",\"url\":\"https:\/\/easymazin.com\/en\/imprint\",\"name\":\"Imprint - Seilzugangs- und Positionierungstechnik\",\"isPartOf\":{\"@id\":\"https:\/\/easymazin.com\/de\/#website\"},\"datePublished\":\"2016-08-20T12:16:06+00:00\",\"dateModified\":\"2022-11-08T18:48:11+00:00\",\"description\":\"Impressum\",\"breadcrumb\":{\"@id\":\"https:\/\/easymazin.com\/en\/imprint#breadcrumb\"},\"inLanguage\":\"en-US\",\"potentialAction\":[{\"@type\":\"ReadAction\",\"target\":[\"https:\/\/easymazin.com\/en\/imprint\"]}]},{\"@type\":\"BreadcrumbList\",\"@id\":\"https:\/\/easymazin.com\/en\/imprint#breadcrumb\",\"itemListElement\":[{\"@type\":\"ListItem\",\"position\":1,\"name\":\"Startseite\",\"item\":\"https:\/\/easymazin.com\/en\"},{\"@type\":\"ListItem\",\"position\":2,\"name\":\"Imprint\"}]},{\"@type\":\"WebSite\",\"@id\":\"https:\/\/easymazin.com\/de\/#website\",\"url\":\"https:\/\/easymazin.com\/de\/\",\"name\":\"Seilzugangs- und Positionierungstechnik\",\"description\":\"Auch bekannt als Seil-unterst\u00fctzes Arbeiten, Zugangskonzepte, Industrieklettern, Seilklettertechnik, H\u00f6henarbeiten und Seiltechnik\",\"potentialAction\":[{\"@type\":\"SearchAction\",\"target\":{\"@type\":\"EntryPoint\",\"urlTemplate\":\"https:\/\/easymazin.com\/de\/?s={search_term_string}\"},\"query-input\":{\"@type\":\"PropertyValueSpecification\",\"valueRequired\":true,\"valueName\":\"search_term_string\"}}],\"inLanguage\":\"en-US\"}]}<\/script>\n<!-- \/ Yoast SEO plugin. -->","yoast_head_json":{"title":"Imprint - Seilzugangs- und Positionierungstechnik","description":"Impressum","robots":{"index":"index","follow":"follow","max-snippet":"max-snippet:-1","max-image-preview":"max-image-preview:large","max-video-preview":"max-video-preview:-1"},"canonical":"https:\/\/easymazin.com\/en\/imprint","og_locale":"en_US","og_type":"article","og_title":"Imprint - Seilzugangs- und Positionierungstechnik","og_description":"Impressum","og_url":"https:\/\/easymazin.com\/en\/imprint","og_site_name":"Seilzugangs- und Positionierungstechnik","article_modified_time":"2022-11-08T18:48:11+00:00","twitter_card":"summary_large_image","twitter_misc":{"Est. reading time":"2 minutes"},"schema":{"@context":"https:\/\/schema.org","@graph":[{"@type":"WebPage","@id":"https:\/\/easymazin.com\/en\/imprint","url":"https:\/\/easymazin.com\/en\/imprint","name":"Imprint - Seilzugangs- und Positionierungstechnik","isPartOf":{"@id":"https:\/\/easymazin.com\/de\/#website"},"datePublished":"2016-08-20T12:16:06+00:00","dateModified":"2022-11-08T18:48:11+00:00","description":"Impressum","breadcrumb":{"@id":"https:\/\/easymazin.com\/en\/imprint#breadcrumb"},"inLanguage":"en-US","potentialAction":[{"@type":"ReadAction","target":["https:\/\/easymazin.com\/en\/imprint"]}]},{"@type":"BreadcrumbList","@id":"https:\/\/easymazin.com\/en\/imprint#breadcrumb","itemListElement":[{"@type":"ListItem","position":1,"name":"Startseite","item":"https:\/\/easymazin.com\/en"},{"@type":"ListItem","position":2,"name":"Imprint"}]},{"@type":"WebSite","@id":"https:\/\/easymazin.com\/de\/#website","url":"https:\/\/easymazin.com\/de\/","name":"Seilzugangs- und Positionierungstechnik","description":"Auch bekannt als Seil-unterst\u00fctzes Arbeiten, Zugangskonzepte, Industrieklettern, Seilklettertechnik, H\u00f6henarbeiten und Seiltechnik","potentialAction":[{"@type":"SearchAction","target":{"@type":"EntryPoint","urlTemplate":"https:\/\/easymazin.com\/de\/?s={search_term_string}"},"query-input":{"@type":"PropertyValueSpecification","valueRequired":true,"valueName":"search_term_string"}}],"inLanguage":"en-US"}]}},"_links":{"self":[{"href":"https:\/\/easymazin.com\/en\/wp-json\/wp\/v2\/pages\/426","targetHints":{"allow":["GET"]}}],"collection":[{"href":"https:\/\/easymazin.com\/en\/wp-json\/wp\/v2\/pages"}],"about":[{"href":"https:\/\/easymazin.com\/en\/wp-json\/wp\/v2\/types\/page"}],"author":[{"embeddable":true,"href":"https:\/\/easymazin.com\/en\/wp-json\/wp\/v2\/users\/1"}],"replies":[{"embeddable":true,"href":"https:\/\/easymazin.com\/en\/wp-json\/wp\/v2\/comments?post=426"}],"version-history":[{"count":1,"href":"https:\/\/easymazin.com\/en\/wp-json\/wp\/v2\/pages\/426\/revisions"}],"predecessor-version":[{"id":427,"href":"https:\/\/easymazin.com\/en\/wp-json\/wp\/v2\/pages\/426\/revisions\/427"}],"wp:attachment":[{"href":"https:\/\/easymazin.com\/en\/wp-json\/wp\/v2\/media?parent=426"}],"curies":[{"name":"wp","href":"https:\/\/api.w.org\/{rel}","templated":true}]}}